{"id":10,"date":"2013-01-16T22:54:58","date_gmt":"2013-01-16T20:54:58","guid":{"rendered":"http:\/\/www.fotoclubmw.de\/?page_id=10"},"modified":"2025-06-18T21:07:46","modified_gmt":"2025-06-18T19:07:46","slug":"uber-uns","status":"publish","type":"page","link":"https:\/\/www.fotoclubmw.de\/?page_id=10","title":{"rendered":"\u00dcber uns"},"content":{"rendered":"<p><strong><br \/>\nAllgemein<\/strong><\/p>\n<p><span style=\"font-size: 1rem;\">Der Kreis der fotointeressierten BMW Mitarbeiter traf sich im Herbst 1992 zum ersten Mal. Zur Zeit sind wir 20 aktive und passive Mitglieder, die sich regelm\u00e4\u00dfig treffen. Unser Club stellt eine Sparte des BMW Kulturforums dar, in dem weitere k\u00fcnstlerische, aber auch musikalische Aktivit\u00e4ten gepflegt werden.<\/span><\/p>\n<p><b>\u00a0<\/b><strong>Ziele<\/strong><\/p>\n<ul>\n<li>Das Unternehmensimage bei den Mitarbeitern sowie nach au\u00dfen hin durch kulturelle Veranstaltungen zu f\u00f6rdern<\/li>\n<li>Die Kreativit\u00e4t und die Motivation durch werksnahe Aktivit\u00e4ten weiterzuentwickeln<\/li>\n<li>Die Fotografie als anspruchsvolles Freizeithobby zu pflegen und dabei u.a. auch in Teams mit entsprechenden Aufgabenstellungen zu arbeiten<\/li>\n<li>Das fotografische Sehen und die fotografischen Techniken zu verbessern<\/li>\n<li>Sich durch Seminare und gemeinsame Besuche von Ausstellungen weiterzubilden<\/li>\n<li>K\u00fcnstlerische Themen im Club-eigenen Studio umzusetzen<\/li>\n<li>FineArtPrint im Club-eigenen digitalen Arbeitsplatz auszuarbeiten<\/li>\n<\/ul>\n<p>Bei den Arbeiten unserer Mitglieder kommt das gesamte aktuelle Format- und Materialspektrum zur Anwendung<\/p>\n<ul>\n<li>Kamerasysteme von Canon; Nikon; Sony; Fujifilm; OM-System (Olympus)<\/li>\n<li>Kleinbild-, DX- und MFT-Format<\/li>\n<li>Objektive von Fisheye bis Super-Tele<\/li>\n<\/ul>\n","protected":false},"excerpt":{"rendered":"<p>Allgemein Der Kreis der fotointeressierten BMW Mitarbeiter traf sich im Herbst 1992 zum ersten Mal. Zur Zeit sind wir 20 aktive und passive Mitglieder, die sich regelm\u00e4\u00dfig treffen. Unser Club stellt eine Sparte des BMW Kulturforums dar, in dem weitere k\u00fcnstlerische, aber auch musikalische Aktivit\u00e4ten gepflegt werden. \u00a0Ziele Das Unternehmensimage bei den Mitarbeitern sowie nach &hellip; <\/p>\n<p class=\"link-more\"><a href=\"https:\/\/www.fotoclubmw.de\/?page_id=10\" class=\"more-link\"><span class=\"screen-reader-text\">\u201e\u00dcber uns\u201c <\/span>weiterlesen<\/a><\/p>\n","protected":false},"author":1,"featured_media":561,"parent":0,"menu_order":0,"comment_status":"closed","ping_status":"open","template":"","meta":{"footnotes":""},"class_list":["post-10","page","type-page","status-publish","has-post-thumbnail","hentry"],"_links":{"self":[{"href":"https:\/\/www.fotoclubmw.de\/index.php?rest_route=\/wp\/v2\/pages\/10","targetHints":{"allow":["GET"]}}],"collection":[{"href":"https:\/\/www.fotoclubmw.de\/index.php?rest_route=\/wp\/v2\/pages"}],"about":[{"href":"https:\/\/www.fotoclubmw.de\/index.php?rest_route=\/wp\/v2\/types\/page"}],"author":[{"embeddable":true,"href":"https:\/\/www.fotoclubmw.de\/index.php?rest_route=\/wp\/v2\/users\/1"}],"replies":[{"embeddable":true,"href":"https:\/\/www.fotoclubmw.de\/index.php?rest_route=%2Fwp%2Fv2%2Fcomments&post=10"}],"version-history":[{"count":11,"href":"https:\/\/www.fotoclubmw.de\/index.php?rest_route=\/wp\/v2\/pages\/10\/revisions"}],"predecessor-version":[{"id":838,"href":"https:\/\/www.fotoclubmw.de\/index.php?rest_route=\/wp\/v2\/pages\/10\/revisions\/838"}],"wp:featuredmedia":[{"embeddable":true,"href":"https:\/\/www.fotoclubmw.de\/index.php?rest_route=\/wp\/v2\/media\/561"}],"wp:attachment":[{"href":"https:\/\/www.fotoclubmw.de\/index.php?rest_route=%2Fwp%2Fv2%2Fmedia&parent=10"}],"curies":[{"name":"wp","href":"https:\/\/api.w.org\/{rel}","templated":true}]}}