{"id":22,"date":"2013-01-16T23:01:41","date_gmt":"2013-01-16T21:01:41","guid":{"rendered":"http:\/\/www.fotoclubmw.de\/?page_id=22"},"modified":"2018-06-01T19:30:07","modified_gmt":"2018-06-01T17:30:07","slug":"willkommen","status":"publish","type":"page","link":"https:\/\/www.fotoclubmw.de\/","title":{"rendered":"Willkommen"},"content":{"rendered":"<p style=\"text-align: justify;\">auf den offiziellen Seiten des BMW-Fotoclub.<\/p>\n<ul style=\"text-align: justify;\">\n<li>im Bereich <strong><a title=\"Mitglieder\" href=\"http:\/\/www.fotoclubmw.de\/?page_id=32\">&#8222;Portfolio &#8211; Mitglieder&#8220;<\/a><\/strong> stellen sich unsere Mitglieder mit Ihren Bildern vor. Dieser Bereich wird st\u00e4ndig mit neuen Bildern aktualisiert.<\/li>\n<li>im Bereich <strong><a title=\"Themen\" href=\"http:\/\/www.fotoclubmw.de\/?page_id=34\">&#8222;Portfolio &#8211; Themen&#8220;<\/a><\/strong> finden Sie Bilder zu den unterschiedlichsten fotografischen Themen. Dieser Themenbereich lebt und wird st\u00e4ndig mit neuen Bildern und Themen erg\u00e4nzt.<\/li>\n<li>\u00fcber aktuelle und zuk\u00fcnftige Aktivit\u00e4ten informieren wir Sie im Bereich <a title=\"Blog\" href=\"http:\/\/www.fotoclubmw.de\/?page_id=8\"><strong>&#8222;Blog&#8220;<\/strong>.<\/a><\/li>\n<li>Info: Bei Interesse an den Bildern der Fotografen bitten wir Sie mit uns <strong><a title=\"Kontakt\" href=\"http:\/\/www.fotoclubmw.de\/?page_id=12\">&#8222;Kontakt&#8220;<\/a><\/strong> aufzunehmen.<\/li>\n<\/ul>\n<p style=\"text-align: justify;\">Wenn Sie zu den offiziellen BMW Seiten m\u00f6chten, verwenden Sie bitte folgende Links:<\/p>\n<p style=\"text-align: justify;\"><a href=\"http:\/\/www.bmw.de\">BMW Group Deutschland<\/a>\u00a0 \u00a0 \u00a0 \u00a0 \u00a0 \u00a0 \u00a0 \u00a0 \u00a0 \u00a0 \u00a0 \u00a0 \u00a0 \u00a0 \u00a0 \u00a0 \u00a0\u00a0<a href=\"http:\/\/www.bmw.com\">BMW Group International<\/a><\/p>\n","protected":false},"excerpt":{"rendered":"<p>auf den offiziellen Seiten des BMW-Fotoclub. im Bereich &#8222;Portfolio &#8211; Mitglieder&#8220; stellen sich unsere Mitglieder mit Ihren Bildern vor. Dieser Bereich wird st\u00e4ndig mit neuen Bildern aktualisiert. im Bereich &#8222;Portfolio &#8211; Themen&#8220; finden Sie Bilder zu den unterschiedlichsten fotografischen Themen. Dieser Themenbereich lebt und wird st\u00e4ndig mit neuen Bildern und Themen erg\u00e4nzt. \u00fcber aktuelle und &hellip; <\/p>\n<p class=\"link-more\"><a href=\"https:\/\/www.fotoclubmw.de\/\" class=\"more-link\"><span class=\"screen-reader-text\">\u201eWillkommen\u201c <\/span>weiterlesen<\/a><\/p>\n","protected":false},"author":1,"featured_media":0,"parent":0,"menu_order":0,"comment_status":"closed","ping_status":"open","template":"","meta":{"footnotes":""},"class_list":["post-22","page","type-page","status-publish","hentry"],"_links":{"self":[{"href":"https:\/\/www.fotoclubmw.de\/index.php?rest_route=\/wp\/v2\/pages\/22","targetHints":{"allow":["GET"]}}],"collection":[{"href":"https:\/\/www.fotoclubmw.de\/index.php?rest_route=\/wp\/v2\/pages"}],"about":[{"href":"https:\/\/www.fotoclubmw.de\/index.php?rest_route=\/wp\/v2\/types\/page"}],"author":[{"embeddable":true,"href":"https:\/\/www.fotoclubmw.de\/index.php?rest_route=\/wp\/v2\/users\/1"}],"replies":[{"embeddable":true,"href":"https:\/\/www.fotoclubmw.de\/index.php?rest_route=%2Fwp%2Fv2%2Fcomments&post=22"}],"version-history":[{"count":10,"href":"https:\/\/www.fotoclubmw.de\/index.php?rest_route=\/wp\/v2\/pages\/22\/revisions"}],"predecessor-version":[{"id":451,"href":"https:\/\/www.fotoclubmw.de\/index.php?rest_route=\/wp\/v2\/pages\/22\/revisions\/451"}],"wp:attachment":[{"href":"https:\/\/www.fotoclubmw.de\/index.php?rest_route=%2Fwp%2Fv2%2Fmedia&parent=22"}],"curies":[{"name":"wp","href":"https:\/\/api.w.org\/{rel}","templated":true}]}}